{"id":6,"date":"2018-12-11T20:10:13","date_gmt":"2018-12-11T20:10:13","guid":{"rendered":"http:\/\/verein-volkeningheim.de\/?page_id=6"},"modified":"2025-09-13T11:38:02","modified_gmt":"2025-09-13T11:38:02","slug":"home","status":"publish","type":"page","link":"https:\/\/verein-volkeningheim.de\/","title":{"rendered":"Startseite"},"content":{"rendered":"\n<p class=\"has-large-font-size\"><strong>Wir sind das Volkeningheim<\/strong><\/p>\n\n\n\n<figure class=\"wp-block-embed is-type-video is-provider-youtube wp-block-embed-youtube wp-embed-aspect-16-9 wp-has-aspect-ratio\"><div class=\"wp-block-embed__wrapper\">\n<iframe loading=\"lazy\" title=\"Volkeningheim Interviews\" width=\"640\" height=\"360\" src=\"https:\/\/www.youtube.com\/embed\/CN4QvWxSnTI?feature=oembed\" frameborder=\"0\" allow=\"accelerometer; autoplay; clipboard-write; encrypted-media; gyroscope; picture-in-picture; web-share\" referrerpolicy=\"strict-origin-when-cross-origin\" allowfullscreen><\/iframe>\n<\/div><\/figure>\n\n\n\n<div style=\"height:70px\" aria-hidden=\"true\" class=\"wp-block-spacer\"><\/div>\n\n\n\n<p class=\"has-text-align-center has-large-font-size\"><strong>Informationen zum Volkeningheim<\/strong><\/p>\n\n\n<p>Das \u00d6kumenische Volkeningheim ist ein Studierendenwohnheim im Herzen von M\u00fcnster. Es ist das letzte, das von der evangelischen Kirche von Westfalen getragen wird. Es bietet 54 Bewohner:innen Raum zum Wohnen und zum Leben.<\/p>\n<p>Direkt an das Wohnheim angeschlossen ist die Johanneskapelle der M\u00fcnsteraner Apostelgemeinde. Die evangelische Universit\u00e4tskirche und die theologisch-evangelische Fakult\u00e4t der Universit\u00e4t befinden sich in unmittelbarer N\u00e4he.<\/p>\n<p>Die Bewohner:innen des Volkeningheims leben auf vier Fluren im Haupthaus, jeder Flur hat einen individuellen Namen. Es gibt zwischen acht und 18 Bewohner:innen pro Flur, die eigene Zimmer haben und K\u00fcche, Bad und Wohnzimmer gemeinsam nutzen.<\/p>\n<p>Die Auswahl der Bewohner:innen erfolgt durch ein Gremium, bestehend aus Pfarrer:in, Verwaltung und studentischen Vertretern. Es wird Geschlecht und Herkunft quotiert. Ehrenamtliches Engagement, Verk\u00f6rperung christlicher Werte und Interesse an der Gemeinschaft sind wichtige Kriterien bei der Auswahl.<\/p>\n<p>Studierende der Evangelischen Theologie bilden einen bedeutenden Teil der Bewohnerschaft. Das Volkeningheim steht jedoch allen Religionen offen. Im Volkeningheim wird der christliche im Alltag Glaube gelebt. Werte wie N\u00e4chstenliebe und Toleranz pr\u00e4gen das Zusammenleben, und gestalten den interreligi\u00f6sen Dialog zwischen dem Nachwuchs. So gelingt allt\u00e4gliche Kommunikation des Evangeliums, die auch nachhaltig in das breite Umfeld des \u00d6kumenischen Volkeningheims wirkt.<\/p>\n<p>Das Volkeningheim beherbergt auch die Evangelische Studierendengemeinde M\u00fcnster und das Caf\u00e9 Weltb\u00fchne, das t\u00e4glich interkulturelle Gerichte anbietet. Diese drei S\u00e4ulen &#8211; Volkeningheim, ESG und Caf\u00e9 &#8211; bilden das evangelische Zentrum an den Hochschulen in M\u00fcnster und dienen als Begegnungsst\u00e4tte f\u00fcr verschiedene Gruppen wie Sprachkurse, Ch\u00f6re, Gemeinden, Anonyme Alkoholiker etc. Die EKvW erreicht damit rund 60.000 junge Erwachsene in Westfalen und Nordrhein-Westfalen.<\/p>\n\n\n<p class=\"has-text-align-center has-small-font-size\"><\/p>\n","protected":false},"excerpt":{"rendered":"<p>Wir sind das Volkeningheim Informationen zum Volkeningheim Das \u00d6kumenische Volkeningheim ist ein Studierendenwohnheim im Herzen von M\u00fcnster. Es ist das letzte, das von der evangelischen Kirche von Westfalen getragen wird. Es bietet 54 Bewohner:innen Raum zum Wohnen und zum Leben. Direkt an das Wohnheim angeschlossen ist die Johanneskapelle der M\u00fcnsteraner Apostelgemeinde. Die evangelische Universit\u00e4tskirche und die theologisch-evangelische Fakult\u00e4t der Universit\u00e4t befinden sich in unmittelbarer N\u00e4he. Die Bewohner:innen des Volkeningheims leben auf vier Fluren im Haupthaus, jeder Flur hat einen individuellen&#8230;<\/p>\n<p class=\"read-more\"><a class=\"btn btn-default\" href=\"https:\/\/verein-volkeningheim.de\/\">Weiterlesen<span class=\"screen-reader-text\"> Weiterlesen<\/span><\/a><\/p>\n","protected":false},"author":1,"featured_media":0,"parent":0,"menu_order":0,"comment_status":"closed","ping_status":"closed","template":"","meta":{"footnotes":""},"class_list":["post-6","page","type-page","status-publish","hentry"],"_links":{"self":[{"href":"https:\/\/verein-volkeningheim.de\/index.php?rest_route=\/wp\/v2\/pages\/6","targetHints":{"allow":["GET"]}}],"collection":[{"href":"https:\/\/verein-volkeningheim.de\/index.php?rest_route=\/wp\/v2\/pages"}],"about":[{"href":"https:\/\/verein-volkeningheim.de\/index.php?rest_route=\/wp\/v2\/types\/page"}],"author":[{"embeddable":true,"href":"https:\/\/verein-volkeningheim.de\/index.php?rest_route=\/wp\/v2\/users\/1"}],"replies":[{"embeddable":true,"href":"https:\/\/verein-volkeningheim.de\/index.php?rest_route=%2Fwp%2Fv2%2Fcomments&post=6"}],"version-history":[{"count":56,"href":"https:\/\/verein-volkeningheim.de\/index.php?rest_route=\/wp\/v2\/pages\/6\/revisions"}],"predecessor-version":[{"id":561,"href":"https:\/\/verein-volkeningheim.de\/index.php?rest_route=\/wp\/v2\/pages\/6\/revisions\/561"}],"wp:attachment":[{"href":"https:\/\/verein-volkeningheim.de\/index.php?rest_route=%2Fwp%2Fv2%2Fmedia&parent=6"}],"curies":[{"name":"wp","href":"https:\/\/api.w.org\/{rel}","templated":true}]}}