{"id":367,"date":"2023-05-12T07:30:33","date_gmt":"2023-05-12T07:30:33","guid":{"rendered":"https:\/\/verein-volkeningheim.de\/?page_id=367"},"modified":"2023-05-24T10:19:08","modified_gmt":"2023-05-24T10:19:08","slug":"party","status":"publish","type":"page","link":"https:\/\/verein-volkeningheim.de\/?page_id=367","title":{"rendered":"Veranstaltungen"},"content":{"rendered":"\n<p class=\"has-text-align-center has-medium-font-size\"><a href=\"https:\/\/verein-volkeningheim.de\/?page_id=347\">Zur\u00fcck zur \u00dcbersicht (Link)<\/a><\/p>\n\n\n\n<p class=\"has-text-align-center has-large-font-size\"><strong>Kommende Veranstaltungen<\/strong><\/p>\n\n\n\n<p class=\"has-text-align-center has-large-font-size\"><strong>Volkeningfete<\/strong><\/p>\n\n\n<div class=\"wp-block-image\">\n<figure class=\"aligncenter size-large is-resized\"><img loading=\"lazy\" decoding=\"async\" src=\"https:\/\/verein-volkeningheim.de\/wp-content\/uploads\/2023\/05\/Fete-729x1024.jpg\" alt=\"\" class=\"wp-image-510\" width=\"547\" height=\"768\" srcset=\"https:\/\/verein-volkeningheim.de\/wp-content\/uploads\/2023\/05\/Fete-729x1024.jpg 729w, https:\/\/verein-volkeningheim.de\/wp-content\/uploads\/2023\/05\/Fete-214x300.jpg 214w, https:\/\/verein-volkeningheim.de\/wp-content\/uploads\/2023\/05\/Fete-192x270.jpg 192w, https:\/\/verein-volkeningheim.de\/wp-content\/uploads\/2023\/05\/Fete.jpg 738w\" sizes=\"auto, (max-width: 547px) 100vw, 547px\" \/><\/figure>\n<\/div>\n\n\n<p class=\"has-text-align-center has-large-font-size\"><strong>Volkeningfete<\/strong><br>16.06.2023<\/p>\n\n\n\n<p class=\"has-text-align-center has-medium-font-size\"><strong>Im Volkeningheim (Aula, Foyer und Bar)<br>Breul 43<br>48143 M\u00fcnster<\/strong><\/p>\n\n\n\n<hr class=\"wp-block-separator has-alpha-channel-opacity\"\/>\n\n\n<div class=\"wp-block-image\">\n<figure class=\"aligncenter size-large is-resized\"><img loading=\"lazy\" decoding=\"async\" src=\"https:\/\/verein-volkeningheim.de\/wp-content\/uploads\/2023\/05\/Laenderabend-Indonesien-1-1024x1024.jpg\" alt=\"\" class=\"wp-image-503\" width=\"768\" height=\"768\" srcset=\"https:\/\/verein-volkeningheim.de\/wp-content\/uploads\/2023\/05\/Laenderabend-Indonesien-1-1024x1024.jpg 1024w, https:\/\/verein-volkeningheim.de\/wp-content\/uploads\/2023\/05\/Laenderabend-Indonesien-1-300x300.jpg 300w, https:\/\/verein-volkeningheim.de\/wp-content\/uploads\/2023\/05\/Laenderabend-Indonesien-1-150x150.jpg 150w, https:\/\/verein-volkeningheim.de\/wp-content\/uploads\/2023\/05\/Laenderabend-Indonesien-1-768x768.jpg 768w, https:\/\/verein-volkeningheim.de\/wp-content\/uploads\/2023\/05\/Laenderabend-Indonesien-1-270x270.jpg 270w, https:\/\/verein-volkeningheim.de\/wp-content\/uploads\/2023\/05\/Laenderabend-Indonesien-1.jpg 1080w\" sizes=\"auto, (max-width: 768px) 100vw, 768px\" \/><\/figure>\n<\/div>\n\n\n<p class=\"has-text-align-center has-large-font-size\"><strong>L\u00e4nderabend Indonesien<\/strong><br>30.05.2023<\/p>\n\n\n\n<p class=\"has-text-align-center has-medium-font-size\"><strong>In der Aula das Volkeningheims<br>Breul 43<br>48143 M\u00fcnster<\/strong><\/p>\n\n\n\n<hr class=\"wp-block-separator has-alpha-channel-opacity\"\/>\n\n\n\n<hr class=\"wp-block-separator has-alpha-channel-opacity\"\/>\n\n\n\n<p class=\"has-text-align-center has-large-font-size\"><strong>Vergangene Veranstaltungen<\/strong><\/p>\n\n\n\n<p class=\"has-text-align-center has-large-font-size\"><strong>\u00d6ffentliche Andacht<\/strong><\/p>\n\n\n<div class=\"wp-block-image\">\n<figure class=\"aligncenter size-large is-resized\"><img loading=\"lazy\" decoding=\"async\" src=\"https:\/\/verein-volkeningheim.de\/wp-content\/uploads\/2023\/05\/Andacht-1024x1024.png\" alt=\"\" class=\"wp-image-417\" width=\"768\" height=\"768\" srcset=\"https:\/\/verein-volkeningheim.de\/wp-content\/uploads\/2023\/05\/Andacht-1024x1024.png 1024w, https:\/\/verein-volkeningheim.de\/wp-content\/uploads\/2023\/05\/Andacht-300x300.png 300w, https:\/\/verein-volkeningheim.de\/wp-content\/uploads\/2023\/05\/Andacht-150x150.png 150w, https:\/\/verein-volkeningheim.de\/wp-content\/uploads\/2023\/05\/Andacht-768x768.png 768w, https:\/\/verein-volkeningheim.de\/wp-content\/uploads\/2023\/05\/Andacht-270x270.png 270w, https:\/\/verein-volkeningheim.de\/wp-content\/uploads\/2023\/05\/Andacht.png 1080w\" sizes=\"auto, (max-width: 768px) 100vw, 768px\" \/><\/figure>\n<\/div>\n\n\n<p class=\"has-text-align-center\"><strong>Herzliche Einladung zu der \u00f6ffentlichen Andacht<\/strong><\/p>\n\n\n\n<p class=\"has-text-align-center has-medium-font-size\"><strong>Wann?<\/strong> <br>17.05.2023 &#8211; 16:00 Uhr <\/p>\n\n\n\n<p class=\"has-text-align-center has-medium-font-size\"><strong>Wo?<\/strong><br>Ev. Apostel-Kirchengemeinde M\u00fcnster<br>Bergstra\u00dfe 38<br>48143 M\u00fcnster<br>(direkt neben dem Volkeningheim)<\/p>\n\n\n\n<hr class=\"wp-block-separator has-alpha-channel-opacity\"\/>\n\n\n\n<p class=\"has-text-align-center has-large-font-size\"><strong>Benefizkonzert<\/strong><\/p>\n\n\n<div class=\"wp-block-image\">\n<figure class=\"aligncenter size-large is-resized\"><img loading=\"lazy\" decoding=\"async\" src=\"https:\/\/verein-volkeningheim.de\/wp-content\/uploads\/2023\/05\/Konzert-1024x1024.jpg\" alt=\"\" class=\"wp-image-428\" width=\"512\" height=\"512\" srcset=\"https:\/\/verein-volkeningheim.de\/wp-content\/uploads\/2023\/05\/Konzert-1024x1024.jpg 1024w, https:\/\/verein-volkeningheim.de\/wp-content\/uploads\/2023\/05\/Konzert-300x300.jpg 300w, https:\/\/verein-volkeningheim.de\/wp-content\/uploads\/2023\/05\/Konzert-150x150.jpg 150w, https:\/\/verein-volkeningheim.de\/wp-content\/uploads\/2023\/05\/Konzert-768x768.jpg 768w, https:\/\/verein-volkeningheim.de\/wp-content\/uploads\/2023\/05\/Konzert-270x270.jpg 270w, https:\/\/verein-volkeningheim.de\/wp-content\/uploads\/2023\/05\/Konzert.jpg 1080w\" sizes=\"auto, (max-width: 512px) 100vw, 512px\" \/><\/figure>\n<\/div>\n\n\n<p class=\"has-text-align-center has-medium-font-size\"><strong>Wann?<\/strong> <br>17.05.2023 &#8211; 19:00 Uhr <\/p>\n\n\n\n<p class=\"has-text-align-center has-medium-font-size\"><strong>Wo?<\/strong><br>Ev. Apostel-Kirchengemeinde M\u00fcnster<br>Bergstra\u00dfe 38<br>48143 M\u00fcnster<\/p>\n\n\n\n<hr class=\"wp-block-separator has-alpha-channel-opacity\"\/>\n\n\n\n<p class=\"has-text-align-center has-large-font-size\"><strong>Party<\/strong><\/p>\n\n\n<div class=\"wp-block-image\">\n<figure class=\"aligncenter size-large is-resized\"><img loading=\"lazy\" decoding=\"async\" src=\"https:\/\/verein-volkeningheim.de\/wp-content\/uploads\/2023\/05\/Rettungsparty-1-1024x1024.jpg\" alt=\"\" class=\"wp-image-369\" width=\"506\" height=\"506\" srcset=\"https:\/\/verein-volkeningheim.de\/wp-content\/uploads\/2023\/05\/Rettungsparty-1-1024x1024.jpg 1024w, https:\/\/verein-volkeningheim.de\/wp-content\/uploads\/2023\/05\/Rettungsparty-1-300x300.jpg 300w, https:\/\/verein-volkeningheim.de\/wp-content\/uploads\/2023\/05\/Rettungsparty-1-150x150.jpg 150w, https:\/\/verein-volkeningheim.de\/wp-content\/uploads\/2023\/05\/Rettungsparty-1-768x768.jpg 768w, https:\/\/verein-volkeningheim.de\/wp-content\/uploads\/2023\/05\/Rettungsparty-1-270x270.jpg 270w, https:\/\/verein-volkeningheim.de\/wp-content\/uploads\/2023\/05\/Rettungsparty-1.jpg 1080w\" sizes=\"auto, (max-width: 506px) 100vw, 506px\" \/><\/figure>\n<\/div>\n\n\n<p class=\"has-text-align-center\"><a href=\"https:\/\/verein-volkeningheim.de\/?page_id=347\">Zur\u00fcck zur \u00dcbersicht (Link)<\/a><\/p>\n","protected":false},"excerpt":{"rendered":"<p>Zur\u00fcck zur \u00dcbersicht (Link) Kommende Veranstaltungen Volkeningfete Volkeningfete16.06.2023 Im Volkeningheim (Aula, Foyer und Bar)Breul 4348143 M\u00fcnster L\u00e4nderabend Indonesien30.05.2023 In der Aula das VolkeningheimsBreul 4348143 M\u00fcnster Vergangene Veranstaltungen \u00d6ffentliche Andacht Herzliche Einladung zu der \u00f6ffentlichen Andacht Wann? 17.05.2023 &#8211; 16:00 Uhr Wo?Ev. Apostel-Kirchengemeinde M\u00fcnsterBergstra\u00dfe 3848143 M\u00fcnster(direkt neben dem Volkeningheim) Benefizkonzert Wann? 17.05.2023 &#8211; 19:00 Uhr Wo?Ev. Apostel-Kirchengemeinde M\u00fcnsterBergstra\u00dfe 3848143 M\u00fcnster Party Zur\u00fcck zur \u00dcbersicht (Link)<\/p>\n","protected":false},"author":1,"featured_media":0,"parent":0,"menu_order":0,"comment_status":"closed","ping_status":"closed","template":"","meta":{"footnotes":""},"class_list":["post-367","page","type-page","status-publish","hentry"],"_links":{"self":[{"href":"https:\/\/verein-volkeningheim.de\/index.php?rest_route=\/wp\/v2\/pages\/367","targetHints":{"allow":["GET"]}}],"collection":[{"href":"https:\/\/verein-volkeningheim.de\/index.php?rest_route=\/wp\/v2\/pages"}],"about":[{"href":"https:\/\/verein-volkeningheim.de\/index.php?rest_route=\/wp\/v2\/types\/page"}],"author":[{"embeddable":true,"href":"https:\/\/verein-volkeningheim.de\/index.php?rest_route=\/wp\/v2\/users\/1"}],"replies":[{"embeddable":true,"href":"https:\/\/verein-volkeningheim.de\/index.php?rest_route=%2Fwp%2Fv2%2Fcomments&post=367"}],"version-history":[{"count":16,"href":"https:\/\/verein-volkeningheim.de\/index.php?rest_route=\/wp\/v2\/pages\/367\/revisions"}],"predecessor-version":[{"id":511,"href":"https:\/\/verein-volkeningheim.de\/index.php?rest_route=\/wp\/v2\/pages\/367\/revisions\/511"}],"wp:attachment":[{"href":"https:\/\/verein-volkeningheim.de\/index.php?rest_route=%2Fwp%2Fv2%2Fmedia&parent=367"}],"curies":[{"name":"wp","href":"https:\/\/api.w.org\/{rel}","templated":true}]}}