{"id":34,"date":"2018-12-12T19:23:52","date_gmt":"2018-12-12T19:23:52","guid":{"rendered":"http:\/\/verein-volkeningheim.de\/?page_id=34"},"modified":"2019-04-04T15:15:36","modified_gmt":"2019-04-04T15:15:36","slug":"fuer-interessierte","status":"publish","type":"page","link":"https:\/\/verein-volkeningheim.de\/?page_id=34","title":{"rendered":"F\u00fcr Interessierte"},"content":{"rendered":"<p><strong>Liebe Interessierte, Freundinnen, Freunde und Ehemalige,\u00a0<\/strong><\/p>\n<p>wenn Sie sich mit dem Wohnheim verbunden f\u00fchlen oder Teil der Volkening-Gemeinschaft werden wollen, laden wir Sie ein:<br \/>Werden Sie Mitglied im Verein der Freundinnen und Freunde des \u00d6kumenischen Volkeningheims e.V.!<\/p>\n<p>Wir glauben: Der Bestand dieses Wohnheims ist wichtig \u2013 nicht nur f\u00fcr die Bewohnerinnen und Bewohner, sondern auch f\u00fcr die Stadt und die Evangelische Studierendengemeinde.<\/p>\n<p>Wenn Sie jetzt Interesse haben, kontaktieren Sie uns.\u00a0Als F\u00f6rdermitglied unterst\u00fctzen Sie den Verein finanziell; als ordentliches Mitglied k\u00f6nnen Sie dar\u00fcber hinaus den Verein mitgestalten.<\/p>\n<p>Wenn Sie sich noch nicht ganz sicher sind, ob oder warum Sie beitreten sollten, dann haben wir hier noch drei gute Gr\u00fcnde f\u00fcr Sie:<\/p>\n<p><strong>Mitglied zu sein ist ein Gewinn&#8230;<\/strong><\/p>\n\n\n<ol class=\"wp-block-list\"><li><strong>F\u00fcr Sie selbst:<\/strong><br> Volkeningheim \u2013 das sind nicht nur die aktuellen Bewohnerinnen und Bewohner, sondern auch ganz viele ehemalige Mitbewohnerinnen und Mitbewohner und andere Menschen, die sich dem Haus verbunden f\u00fchlen. Der Verein ist auch als ein Netzwerk gedacht: Wenn Sie Vereinsmitglied sind, k\u00f6nnen Sie in Kontakt bleiben mit dieser Gemeinschaft von Studierenden \u2013 zum Beispiel bei den j\u00e4hrlichen Mitgliedsversammlungen. \u00dcber den regelm\u00e4\u00dfigen Newsletter bleiben Sie auf dem Laufenden.<\/li><li><strong>F\u00fcr den interreligi\u00f6sen Dialog:<\/strong><br> Eine Christin feiert mit ihrem muslimischen Mitbewohner den Ramadan und ein buddhistischer Student schw\u00e4rmt von den christlichen Andachten: So etwas passiert im Volkeningheim. Junge Menschen verschiedener Glaubensrichtungen treten einander neugierig und aufgeschlossen gegen\u00fcber. Diese Haltung ist keine Selbstverst\u00e4ndlichkeit \u2013 weder weltweit noch bei uns vor der Haust\u00fcr. Sie kann nur entstehen in der Gemeinschaft des Zusammenlebens.<\/li><li><strong>F\u00fcr die Stadt:<\/strong><br> Wer ein tolles Zuhause bekommt, gibt gern zur\u00fcck: Viele Bewohnerinnen und Bewohner engagieren sich auch au\u00dferhalb ihres Wohnheims, etwa in der Evangelischen Studierendengemeinde. Das Volkeningheim selbst bietet regelm\u00e4\u00dfig offene Veranstaltungen wie die legend\u00e4re Volkeningfete oder L\u00e4nderabende an, bei denen Volkenings ihr Herkunftsland pr\u00e4sentieren.<\/li><\/ol>\n","protected":false},"excerpt":{"rendered":"<p>Liebe Interessierte, Freundinnen, Freunde und Ehemalige,\u00a0 wenn Sie sich mit dem Wohnheim verbunden f\u00fchlen oder Teil der Volkening-Gemeinschaft werden wollen, laden wir Sie ein:Werden Sie Mitglied im Verein der Freundinnen und Freunde des \u00d6kumenischen Volkeningheims e.V.! Wir glauben: Der Bestand dieses Wohnheims ist wichtig \u2013 nicht nur f\u00fcr die Bewohnerinnen und Bewohner, sondern auch f\u00fcr die Stadt und die Evangelische Studierendengemeinde. Wenn Sie jetzt Interesse haben, kontaktieren Sie uns.\u00a0Als F\u00f6rdermitglied unterst\u00fctzen Sie den Verein finanziell; als ordentliches Mitglied k\u00f6nnen Sie&#8230;<\/p>\n<p class=\"read-more\"><a class=\"btn btn-default\" href=\"https:\/\/verein-volkeningheim.de\/?page_id=34\">Weiterlesen<span class=\"screen-reader-text\"> Weiterlesen<\/span><\/a><\/p>\n","protected":false},"author":1,"featured_media":0,"parent":32,"menu_order":0,"comment_status":"closed","ping_status":"closed","template":"","meta":{"footnotes":""},"class_list":["post-34","page","type-page","status-publish","hentry"],"_links":{"self":[{"href":"https:\/\/verein-volkeningheim.de\/index.php?rest_route=\/wp\/v2\/pages\/34","targetHints":{"allow":["GET"]}}],"collection":[{"href":"https:\/\/verein-volkeningheim.de\/index.php?rest_route=\/wp\/v2\/pages"}],"about":[{"href":"https:\/\/verein-volkeningheim.de\/index.php?rest_route=\/wp\/v2\/types\/page"}],"author":[{"embeddable":true,"href":"https:\/\/verein-volkeningheim.de\/index.php?rest_route=\/wp\/v2\/users\/1"}],"replies":[{"embeddable":true,"href":"https:\/\/verein-volkeningheim.de\/index.php?rest_route=%2Fwp%2Fv2%2Fcomments&post=34"}],"version-history":[{"count":8,"href":"https:\/\/verein-volkeningheim.de\/index.php?rest_route=\/wp\/v2\/pages\/34\/revisions"}],"predecessor-version":[{"id":169,"href":"https:\/\/verein-volkeningheim.de\/index.php?rest_route=\/wp\/v2\/pages\/34\/revisions\/169"}],"up":[{"embeddable":true,"href":"https:\/\/verein-volkeningheim.de\/index.php?rest_route=\/wp\/v2\/pages\/32"}],"wp:attachment":[{"href":"https:\/\/verein-volkeningheim.de\/index.php?rest_route=%2Fwp%2Fv2%2Fmedia&parent=34"}],"curies":[{"name":"wp","href":"https:\/\/api.w.org\/{rel}","templated":true}]}}