{"id":26,"date":"2018-12-12T19:22:44","date_gmt":"2018-12-12T19:22:44","guid":{"rendered":"http:\/\/verein-volkeningheim.de\/?page_id=26"},"modified":"2019-03-31T10:27:16","modified_gmt":"2019-03-31T10:27:16","slug":"oekumenisches-volkeningheim","status":"publish","type":"page","link":"https:\/\/verein-volkeningheim.de\/?page_id=26","title":{"rendered":"\u00d6kumenisches Volkeningheim"},"content":{"rendered":"<p>In Mu\u0308nsters Innenstadt existiert schon seit sechs Jahrzehnten ein besonderer Ort.<br \/>\nEin Ort, an dem unterschiedliche Religionen gemeinsam gelebt werden. Ein Ort, an dem mehr als 15 verschiedene Nationalita\u0308ten zusammentreffen und eine bunte Gemeinschaft bilden.<\/p>\n<h3>Das \u00d6kumenische Volkeningheim &#8211; Studierendenwohnheim der Evangelischen Kirche von Westfalen<\/h3>\n<p>Das \u00d6kumenische Volkeningheim wird von der Evangelischen Kirche von Westfalen getragen. Es ist ein \u00f6kumenisches Wohnheim mit rund 55 Zimmern f\u00fcr Studierende in M\u00fcnster und Steinfurt (FH).<\/p>\n<div class=\"panel-group\" id=\"accordion\">\n<div class=\"panel panel-default\">\n<div class=\"panel-heading\">\n<h4 class=\"panel-title\">\n                <a data-toggle=\"collapse\" data-parent=\"#accordion\" href=\"#collapse1\"><br \/>\nVolkenings teilen ihren Alltag<\/a><\/h4>\n<\/div>\n<div id=\"collapse1\" class=\"panel-collapse collapse in\">\n<div class=\"panel-body\">\n            Dieses Wohnheim ist die Antwort auf die Vereinsamung des Einzelnen im Universit\u00e4tsalltag und bietet eine Alternative: Studierende verschiedenster Fachrichtungen, Hintergr\u00fcnde und Nationalit\u00e4t leben in enger r\u00e4umlicher Nachbarschaft zusammen. Das erfordert gegenseitige R\u00fccksichtnahme, Verst\u00e4ndnis und Toleranz, bietet aber vor allem die M\u00f6glichkeiten eines aktiven und gemeinschaftlichen Zusammenlebens.<\/div>\n<\/div>\n<\/div>\n<div class=\"panel panel-default\">\n<div class=\"panel-heading\">\n<h4 class=\"panel-title\">\n            <a data-toggle=\"collapse\" data-parent=\"#accordion\" href=\"#collapse2\"><br \/>\nGelebte V\u00f6lkerverst\u00e4ndigung<\/a><\/h4>\n<\/div>\n<div id=\"collapse2\" class=\"panel-collapse collapse in\">\n<div class=\"panel-body\">\n   Wo sonst leben eine US-Amerikanerin, eine Georgierin, ein Deutscher und eine T\u00fcrkin T\u00fcr an T\u00fcr? Im Volkeningheim teilen Studierende aus \u00fcber 15 L\u00e4ndern ihren Alltag. Sie kochen und feiern zusammen, streiten und vers\u00f6hnen sich und schlie\u00dfen tiefe Freundschaften. Sie lernen die Sichtweisen der jeweils anderen kennen und lassen sich von ihnen ver\u00e4ndern. Die Bewohnerinnen und Bewohner des Volkeningheims zeigen so im Kleinen, wie friedliches Zusammenleben funktionieren kann.<\/div>\n<\/div>\n<\/div>\n<div class=\"panel panel-default\">\n<div class=\"panel-heading\">\n<h4 class=\"panel-title\">\n            <a data-toggle=\"collapse\" data-parent=\"#accordion\" href=\"#collapse3\"><br \/>\nEin Zuhause f\u00fcr alle<\/a><\/h4>\n<\/div>\n<div id=\"collapse3\" class=\"panel-collapse collapse in\">\n<div class=\"panel-body\">\n   Nach dem Leitbild der Ev. Kirche von Westfalen ist das \u00d6kumenische Volkeningheim ein Ort, der offen und einladend f\u00fcr alle Studierende der Hochschulen M\u00fcnsters ist.<br \/>\nBesonders f\u00fcr internationale Studierende ist es sonst in M\u00fcnster sehr schwierig, ein bezahlbares Zimmer zu finden. Sie bekommen kein BAf\u00f6G, m\u00fcssen neben einem Studium in einer fremden Sprache auch noch Geld verdienen.<\/div>\n<\/div>\n<\/div>\n<div class=\"panel panel-default\">\n<div class=\"panel-heading\">\n<h4 class=\"panel-title\">\n            <a data-toggle=\"collapse\" data-parent=\"#accordion\" href=\"#collapse4\"><br \/>\nWeiter tragen<\/a><\/h4>\n<\/div>\n<div id=\"collapse4\" class=\"panel-collapse collapse in\">\n<div class=\"panel-body\">\nF\u00fcr Offenheit und internationales Zusammenleben setzen sich die Bewohnerinnen und Bewohner ganz praktisch im Alltag ein. Viele Volkenings nehmen auch aktiv an \u00f6kumenischen, interreligi\u00f6sen und internationalen Veranstaltungen und Gottesdiensten der Evangelischen Studierendengemeinde (ESG) teil. So sind das Volkeningheim und die ESG eng miteinander verbunden.<\/div>\n<\/div>\n<\/div>\n<\/div>\n","protected":false},"excerpt":{"rendered":"<p>In Mu\u0308nsters Innenstadt existiert schon seit sechs Jahrzehnten ein besonderer Ort. Ein Ort, an dem unterschiedliche Religionen gemeinsam gelebt werden. Ein Ort, an dem mehr als 15 verschiedene Nationalita\u0308ten zusammentreffen und eine bunte Gemeinschaft bilden. Das \u00d6kumenische Volkeningheim &#8211; Studierendenwohnheim der Evangelischen Kirche von Westfalen Das \u00d6kumenische Volkeningheim wird von der Evangelischen Kirche von Westfalen getragen. Es ist ein \u00f6kumenisches Wohnheim mit rund 55 Zimmern f\u00fcr Studierende in M\u00fcnster und Steinfurt (FH). Volkenings teilen ihren Alltag Dieses Wohnheim ist die&#8230;<\/p>\n<p class=\"read-more\"><a class=\"btn btn-default\" href=\"https:\/\/verein-volkeningheim.de\/?page_id=26\">Weiterlesen<span class=\"screen-reader-text\"> Weiterlesen<\/span><\/a><\/p>\n","protected":false},"author":1,"featured_media":0,"parent":0,"menu_order":0,"comment_status":"closed","ping_status":"closed","template":"","meta":{"footnotes":""},"class_list":["post-26","page","type-page","status-publish","hentry"],"_links":{"self":[{"href":"https:\/\/verein-volkeningheim.de\/index.php?rest_route=\/wp\/v2\/pages\/26","targetHints":{"allow":["GET"]}}],"collection":[{"href":"https:\/\/verein-volkeningheim.de\/index.php?rest_route=\/wp\/v2\/pages"}],"about":[{"href":"https:\/\/verein-volkeningheim.de\/index.php?rest_route=\/wp\/v2\/types\/page"}],"author":[{"embeddable":true,"href":"https:\/\/verein-volkeningheim.de\/index.php?rest_route=\/wp\/v2\/users\/1"}],"replies":[{"embeddable":true,"href":"https:\/\/verein-volkeningheim.de\/index.php?rest_route=%2Fwp%2Fv2%2Fcomments&post=26"}],"version-history":[{"count":8,"href":"https:\/\/verein-volkeningheim.de\/index.php?rest_route=\/wp\/v2\/pages\/26\/revisions"}],"predecessor-version":[{"id":342,"href":"https:\/\/verein-volkeningheim.de\/index.php?rest_route=\/wp\/v2\/pages\/26\/revisions\/342"}],"wp:attachment":[{"href":"https:\/\/verein-volkeningheim.de\/index.php?rest_route=%2Fwp%2Fv2%2Fmedia&parent=26"}],"curies":[{"name":"wp","href":"https:\/\/api.w.org\/{rel}","templated":true}]}}