{"id":24,"date":"2018-12-12T19:22:11","date_gmt":"2018-12-12T19:22:11","guid":{"rendered":"http:\/\/verein-volkeningheim.de\/?page_id=24"},"modified":"2019-04-01T17:20:15","modified_gmt":"2019-04-01T17:20:15","slug":"satzung","status":"publish","type":"page","link":"https:\/\/verein-volkeningheim.de\/?page_id=24","title":{"rendered":"Satzung"},"content":{"rendered":"<p>In der Fassung vom 21. M\u00e4rz 2018, ge\u00e4ndert am 7. Juli 2018<\/p>\n<div id=\"accordion\" class=\"panel-group\">\n<div class=\"panel panel-default\">\n<div class=\"panel-heading\">\n<h4 class=\"panel-title\"><a href=\"#collapse1\" data-toggle=\"collapse\" data-parent=\"#accordion\"><br \/>\n\u00a7 1 Name und Sitz des Vereins, Gesch\u00e4ftsjahr<\/a><\/h4>\n<\/div>\n<div id=\"collapse1\" class=\"panel-collapse collapse in\">\n<div class=\"panel-body\">(1) Der Verein f\u00fchrt den Namen \u201eVerein der Freundinnen und Freunde des \u00d6kumenischen<br \/>\nVolkeningheims\u201c. Er soll in das Vereinsregister eingetragen werden und f\u00fchrt danach den Zusatz<br \/>\n\u201ee.V.\u201c.<br \/>\n(2) Der Verein hat seinen Sitz in M\u00fcnster.<br \/>\n(3) Das Gesch\u00e4ftsjahr ist das Kalenderjahr.<\/div>\n<\/div>\n<\/div>\n<div class=\"panel panel-default\">\n<div class=\"panel-heading\">\n<h4 class=\"panel-title\"><a href=\"#collapse2\" data-toggle=\"collapse\" data-parent=\"#accordion\"><br \/>\n\u00a7 2 Zweck des Vereins<\/a><\/h4>\n<\/div>\n<div id=\"collapse2\" class=\"panel-collapse collapse\">\n<div class=\"panel-body\">(1) Der Verein setzt sich f\u00fcr die F\u00f6rderung und Entwicklung sowie das Bestehen des \u00d6kumenischen<br \/>\nVolkeningheims mit seinen Bewohnern ein.<br \/>\n(2) Die Mitglieder des Vereins sehen sich und den Verein in der Verantwortung, die bestehenden<br \/>\nBeziehungen zwischen den Ehemaligen, den Bewohnern und Freunden des \u00d6kumenischen<br \/>\nVolkeningheims zu festigen.<br \/>\n(3) Mittel des Vereins d\u00fcrfen nur f\u00fcr die satzungsm\u00e4\u00dfigen Zwecke verwendet werden. Die Mitglieder<br \/>\nerhalten keine Zuwendungen aus den Mitteln des Vereins.<\/div>\n<\/div>\n<\/div>\n<div class=\"panel panel-default\">\n<div class=\"panel-heading\">\n<h4 class=\"panel-title\"><a href=\"#collapse3\" data-toggle=\"collapse\" data-parent=\"#accordion\"><br \/>\n\u00a7 3 Erwerb der Mitgliedschaft<\/a><\/h4>\n<\/div>\n<div id=\"collapse3\" class=\"panel-collapse collapse\">\n<div class=\"panel-body\">(1) Ordentliches Mitglied des Vereins kann jede nat\u00fcrliche Person werden.<br \/>\n(2) F\u00f6rdermitglied des Vereins kann jede nat\u00fcrliche und juristische Person werden, die sich mit den<br \/>\nZielen des Vereins verbunden f\u00fchlt, den Verein finanziell und ideell unterst\u00fctzen und zur Verbreitung<br \/>\nseiner Ziele beitragen m\u00f6chte. F\u00f6rdernde Mitglieder sind eingeladen, der Mitgliederversammlung<br \/>\nbeizuwohnen, haben aber kein Stimmrecht.<br \/>\n(3) Die Aufnahme in den Verein ist schriftlich beim Vorstand zu beantragen. Bei Minderj\u00e4hrigen ist der<br \/>\nAufnahmeantrag durch die gesetzlichen Vertreter zu stellen. Der Vorstand entscheidet \u00fcber den<br \/>\nAufnahmeantrag nach freiem Ermessen. Eine Ablehnung des Antrags muss er gegen\u00fcber dem<br \/>\nAntragsteller nicht begr\u00fcnden.<\/div>\n<\/div>\n<\/div>\n<div class=\"panel panel-default\">\n<div class=\"panel-heading\">\n<h4 class=\"panel-title\"><a href=\"#collapse4\" data-toggle=\"collapse\" data-parent=\"#accordion\"><br \/>\n\u00a7 4 Beendigung der Mitgliedschaft<\/a><\/h4>\n<\/div>\n<div id=\"collapse4\" class=\"panel-collapse collapse\">\n<div class=\"panel-body\">(1) Die Mitgliedschaft im Verein endet durch Tod bzw. Aufl\u00f6sung, Austritt oder Ausschluss.<br \/>\n(2) Der Austritt ist schriftlich gegen\u00fcber dem Vorstand zu erkl\u00e4ren.<br \/>\n(3) Ein Mitglied kann durch Beschluss der Mitgliederversammlung aus dem Verein ausgeschlossen<br \/>\nwerden, wenn es<br \/>\na) schuldhaft das Ansehen oder die Interessen des Vereins in schwerwiegender Weise sch\u00e4digt<br \/>\noder<br \/>\nb) mehr als sechs Monate mit der Zahlung seiner Mitgliedsbeitr\u00e4ge im R\u00fcckstand ist und trotz<br \/>\nschriftlicher Mahnung unter Androhung des Ausschlusses die R\u00fcckst\u00e4nde nicht gezahlt hat.<br \/>\n(4) Dem Mitglied ist Gelegenheit zu geben, in der Mitgliederversammlung zu den Gr\u00fcnden des<br \/>\nAusschlusses Stellung zu nehmen. Diese sind ihm mindestens zwei Wochen vorher mitzuteilen.<\/div>\n<\/div>\n<\/div>\n<div class=\"panel panel-default\">\n<div class=\"panel-heading\">\n<h4 class=\"panel-title\"><a href=\"#collapse5\" data-toggle=\"collapse\" data-parent=\"#accordion\"><br \/>\n\u00a7 5 Rechte und Pflichten der Mitglieder<\/a><\/h4>\n<\/div>\n<div id=\"collapse5\" class=\"panel-collapse collapse\">\n<div class=\"panel-body\">(1) Jedes Mitglied hat das Recht, an gemeinsamen Veranstaltungen teilzunehmen.<br \/>\n(2) Jedes Mitglied hat gleiches Stimm- und Wahlrecht in der Mitgliederversammlung. Dies gilt nicht f\u00fcr<br \/>\nF\u00f6rdermitglieder.<br \/>\n(3) Jedes Mitglied hat die Pflicht, die Interessen des Vereins zu f\u00f6rdern, insbesondere regelm\u00e4\u00dfig seine<br \/>\nMitgliedsbeitr\u00e4ge zu leisten und, soweit es in seinen Kr\u00e4ften steht, das Vereinsleben durch seine<br \/>\nMitarbeit zu unterst\u00fctzen.<\/div>\n<\/div>\n<\/div>\n<div class=\"panel panel-default\">\n<div class=\"panel-heading\">\n<h4 class=\"panel-title\"><a href=\"#collapse6\" data-toggle=\"collapse\" data-parent=\"#accordion\"><br \/>\n\u00a7 6 Mitgliedsbeitr\u00e4ge<\/a><\/h4>\n<\/div>\n<div id=\"collapse6\" class=\"panel-collapse collapse\">\n<div class=\"panel-body\">(1) Jedes Mitglied hat einen monatlichen Mitgliedsbeitrag in H\u00f6he von mindestens 2,50 \u20ac zu<br \/>\nentrichten.<br \/>\n(2) Jedes Mitglied, das an einer Hochschule immatrikuliert ist, hat mindestens einen erm\u00e4\u00dfigten<br \/>\nmonatlichen Mitgliedsbeitrag von 1,00 \u20ac zu entrichten.<\/div>\n<\/div>\n<\/div>\n<div class=\"panel panel-default\">\n<div class=\"panel-heading\">\n<h4 class=\"panel-title\"><a href=\"#collapse7\" data-toggle=\"collapse\" data-parent=\"#accordion\"><br \/>\n\u00a7 7 Organe des Vereins<\/a><\/h4>\n<\/div>\n<div id=\"collapse7\" class=\"panel-collapse collapse\">\n<div class=\"panel-body\">Organe des Vereins sind der Vorstand und die Mitgliederversammlung.<\/div>\n<\/div>\n<\/div>\n<div class=\"panel panel-default\">\n<div class=\"panel-heading\">\n<h4 class=\"panel-title\"><a href=\"#collapse8\" data-toggle=\"collapse\" data-parent=\"#accordion\"><br \/>\n\u00a7 8 Vorstand<\/a><\/h4>\n<\/div>\n<div id=\"collapse8\" class=\"panel-collapse collapse\">\n<div class=\"panel-body\">(1) Der Vorstand besteht aus dem Vorsitzenden, zwei Stellvertretern und dem Schatzmeister.<br \/>\n(2) Zum erweiterten Vorstand geh\u00f6ren neben den unter Abs. 1 genannten Personen noch eine<br \/>\nungerade Anzahl von Beisitzern. Die Anzahl der Beisitzer wird durch die Mitgliederversammlung<br \/>\nbeschlossen.<br \/>\n(3) Ein Bewohner des \u00d6kumensichen Volkeningheims M\u00fcnster \u2013 Studierendenwohnheim der EKvW,<br \/>\nvorrangig ein studentisches Mitglied dessen Heimleitung, kann mit beratender Stimme auf Beschluss<br \/>\ndes Vorstandes an dessen Sitzungen teilnehmen.<br \/>\n(4) Der Vorsitzende, seine Stellvertreter und der Schatzmeister vertreten den Verein jeweils allein.<\/div>\n<\/div>\n<\/div>\n<div class=\"panel panel-default\">\n<div class=\"panel-heading\">\n<h4 class=\"panel-title\"><a href=\"#collapse9\" data-toggle=\"collapse\" data-parent=\"#accordion\"><br \/>\n\u00a7 9 Aufgaben des Vorstands<\/a><\/h4>\n<\/div>\n<div id=\"collapse9\" class=\"panel-collapse collapse\">\n<div class=\"panel-body\">Dem Vorstand des Vereins obliegen die Vertretung des Vereins entsprechend \u00a7 26 BGB1 und die<br \/>\nF\u00fchrung seiner Gesch\u00e4fte. Er hat insbesondere folgende Aufgaben:<br \/>\na) die Einberufung und Vorbereitung der Mitgliederversammlungen einschlie\u00dflich der<br \/>\nAufstellung der Tagesordnung,<br \/>\nb) die Ausf\u00fchrung von Beschl\u00fcssen der Mitgliederversammlung,<br \/>\nc) die Verwaltung des Vereinsverm\u00f6gens und die Anfertigung des Jahresberichts,<br \/>\nd) die Aufnahme neuer Mitglieder.<\/div>\n<\/div>\n<\/div>\n<div class=\"panel panel-default\">\n<div class=\"panel-heading\">\n<h4 class=\"panel-title\"><a href=\"#collapse10\" data-toggle=\"collapse\" data-parent=\"#accordion\"><br \/>\n\u00a7 10 Bestellung des Vorstands<\/a><\/h4>\n<\/div>\n<div id=\"collapse10\" class=\"panel-collapse collapse\">\n<div class=\"panel-body\">(1) Die Mitglieder des Vorstands werden von der Mitgliederversammlung f\u00fcr die Dauer von einem Jahr<br \/>\neinzeln gew\u00e4hlt. Mitglieder des Vorstands k\u00f6nnen nur Mitglieder des Vereins sein; mit der<br \/>\nMitgliedschaft im Verein endet auch die Mitgliedschaft im Vorstand. Die Wiederwahl oder die<br \/>\nvorzeitige Abberufung eines Mitglieds durch die Mitgliederversammlung ist zul\u00e4ssig. Ein Mitglied bleibt<br \/>\nnach Ablauf der regul\u00e4ren Amtszeit bis zur Wahl seines Nachfolgers im Amt.<br \/>\n(2) Scheidet ein Mitglied vorzeitig aus dem Vorstand aus, so sind die verbleibenden Mitglieder des<br \/>\nVorstands berechtigt, ein Mitglied des Vereins bis zur Wahl des Nachfolgers durch die<br \/>\nMitgliederversammlung in den Vorstand zu w\u00e4hlen.<\/div>\n<\/div>\n<\/div>\n<div class=\"panel panel-default\">\n<div class=\"panel-heading\">\n<h4 class=\"panel-title\"><a href=\"#collapse11\" data-toggle=\"collapse\" data-parent=\"#accordion\"><br \/>\n\u00a7 11 Beratung und Beschlussfassung des Vorstands<\/a><\/h4>\n<\/div>\n<div id=\"collapse11\" class=\"panel-collapse collapse\">\n<div class=\"panel-body\">(1) Der Vorstand tritt nach Bedarf zusammen. Die Sitzungen werden vom Vorsitzenden, bei dessen<br \/>\nVerhinderung von seinem Stellvertreter, einberufen. Die Einberufungsfrist betr\u00e4gt eine Woche. Der<br \/>\nVorstand ist beschlussf\u00e4hig, wenn mindestens zwei Mitglieder anwesend sind. Ein Vorstandsmitglied<br \/>\nwird f\u00fcr die jeweilige Sitzung als Protokollf\u00fchrer bestimmt. Bei der Beschlussfassung entscheidet die<br \/>\nMehrheit der abgegebenen, g\u00fcltigen Stimmen. Bei Stimmengleichheit entscheidet die Stimme des<br \/>\nVorsitzenden.<br \/>\n(2) Auf den erweiterten Vorstand sind die Regelungen zum Vorstand entsprechend anzuwenden.<br \/>\n(3) Die Beschl\u00fcsse des Vorstands sind zu protokollieren. Das Protokoll ist vom Protokollf\u00fchrer sowie<br \/>\nvom Vorsitzenden, bei dessen Verhinderung von seinem Stellvertreter oder einem anderen Mitglied<br \/>\ndes Vorstands, zu unterschreiben.<\/div>\n<\/div>\n<\/div>\n<div class=\"panel panel-default\">\n<div class=\"panel-heading\">\n<h4 class=\"panel-title\"><a href=\"#collapse12\" data-toggle=\"collapse\" data-parent=\"#accordion\"><br \/>\n\u00a7 12 Aufgaben der Mitgliederversammlung<\/a><\/h4>\n<\/div>\n<div id=\"collapse12\" class=\"panel-collapse collapse\">\n<div class=\"panel-body\">Die Mitgliederversammlung ist zust\u00e4ndig f\u00fcr die Entscheidungen in folgenden Angelegenheiten:<br \/>\na) \u00c4nderungen der Satzung,<br \/>\nb) Ausschluss von Mitgliedern aus dem Verein,<br \/>\nc) die Wahl und die Abberufung der Mitglieder des Vorstands,<br \/>\nd) die Wahl von zwei Kassenpr\u00fcfern,<br \/>\ne) die Entgegennahme des Jahresberichts und die Entlastung des Vorstands,<br \/>\nf) die Aufl\u00f6sung des Vereins.<\/div>\n<\/div>\n<\/div>\n<div class=\"panel panel-default\">\n<div class=\"panel-heading\">\n<h4 class=\"panel-title\"><a href=\"#collapse13\" data-toggle=\"collapse\" data-parent=\"#accordion\"><br \/>\n\u00a7 13 Einberufung der Mitgliederversammlung<\/a><\/h4>\n<\/div>\n<div id=\"collapse13\" class=\"panel-collapse collapse\">\n<div class=\"panel-body\">(1) Mindestens einmal im Jahr ist vom Vorstand eine ordentliche Mitgliederversammlung<br \/>\neinzuberufen. Die Einberufung erfolgt schriftlich unter Einhaltung einer Frist von vier Wochen und<br \/>\nunter Angabe der Tagesordnung.<br \/>\n(2) Die Tagesordnung setzt der Vorstand fest. Jedes Vereinsmitglied kann bis sp\u00e4testens eine Woche<br \/>\nvor der Mitgliederversammlung beim Vorstand schriftlich eine Erg\u00e4nzung der Tagesordnung<br \/>\nbeantragen. \u00dcber den Antrag entscheidet der Vorstand. \u00dcber Antr\u00e4ge zur Tagesordnung, die vom<br \/>\nVorstand nicht aufgenommen wurden oder die erstmals in der Mitgliederversammlung gestellt<br \/>\nwerden, entscheidet die Mitgliederversammlung mit der Mehrheit der Stimmen der anwesenden<br \/>\nMitglieder; dies gilt nicht f\u00fcr Antr\u00e4ge, die eine \u00c4nderung der Satzung, \u00c4nderungen der<br \/>\nMitgliedsbeitr\u00e4ge oder die Aufl\u00f6sung des Vereins zum Gegenstand haben.<br \/>\n(3) Der Vorstand hat eine au\u00dferordentliche Mitgliederversammlung einzuberufen, wenn es das<br \/>\nInteresse des Vereins erfordert oder wenn mindestens ein Zehntel der Mitglieder dies schriftlich unter<br \/>\nAngabe des Zwecks und der Gr\u00fcnde beantragt.<\/div>\n<\/div>\n<\/div>\n<div class=\"panel panel-default\">\n<div class=\"panel-heading\">\n<h4 class=\"panel-title\"><a href=\"#collapse14\" data-toggle=\"collapse\" data-parent=\"#accordion\"><br \/>\n\u00a7 14 Beschlussfassung der Mitgliederversammlung<\/a><\/h4>\n<\/div>\n<div id=\"collapse14\" class=\"panel-collapse collapse\">\n<div class=\"panel-body\">(1) Die Mitgliederversammlung wird vom Vorsitzenden des Vorstands, bei dessen Verhinderung von<br \/>\neinem seiner Stellvertreter und bei deren Verhinderung von einem durch die Mitgliederversammlung<br \/>\nzu w\u00e4hlenden Versammlungsleiter geleitet. Die Mitgliederversammlung w\u00e4hlt einen Protokollf\u00fchrer.<br \/>\n(2) Die Mitgliederversammlung ist beschlussf\u00e4hig, wenn mindestens ein Drittel aller<br \/>\nstimmberechtigten Vereinsmitglieder anwesend ist. Im Fall der Beschlussunf\u00e4higkeit ist die<br \/>\nVersammlung ohne R\u00fccksicht auf die Anzahl der anwesenden Mitglieder nach einer Wartefrist von 15<br \/>\nMinuten beschlussf\u00e4hig, wenn form- u. fristgerecht zur Versammlung eingeladen wurde. Auf diesen<br \/>\nUmstand ist in der Einladung hinzuweisen.<br \/>\n(3) Die Mitgliederversammlung beschlie\u00dft grunds\u00e4tzlich in offener Abstimmung mit der Mehrheit der<br \/>\nStimmen der anwesenden Mitglieder. Kann bei Wahlen im 1. Wahlgang kein Kandidat die absolute<br \/>\nMehrheit der Stimmen der anwesenden Mitglieder auf sich vereinen, ist im 2. Wahlgang gew\u00e4hlt, wer<br \/>\ndie Mehrheit der abgegebenen g\u00fcltigen Stimmen erhalten hat; zwischen mehreren Kandidaten ist eine<br \/>\nSeite 5 von 5<br \/>\nStichwahl durchzuf\u00fchren. Beschl\u00fcsse \u00fcber eine \u00c4nderung der Satzung bed\u00fcrfen der Mehrheit von<br \/>\ndrei Vierteln, der Beschluss \u00fcber die \u00c4nderung des Zwecks oder die Aufl\u00f6sung des Vereins der<br \/>\nZustimmung von neun Zehnteln der anwesenden Mitglieder.<br \/>\n(4) \u00dcber den Ablauf der Mitgliederversammlung und die gefassten Beschl\u00fcsse ist ein Protokoll zu<br \/>\nfertigen, das vom Protokollf\u00fchrer und vom Versammlungsleiter zu unterschreiben ist. Das Protokoll ist<br \/>\ninnerhalb von sechs Wochen an alle Mitglieder zu versenden.<\/div>\n<\/div>\n<\/div>\n<div class=\"panel panel-default\">\n<div class=\"panel-heading\">\n<h4 class=\"panel-title\"><a href=\"#collapse15\" data-toggle=\"collapse\" data-parent=\"#accordion\"><br \/>\n\u00a7 15 Kassenpr\u00fcfer<\/a><\/h4>\n<\/div>\n<div id=\"collapse15\" class=\"panel-collapse collapse\">\n<div class=\"panel-body\">(1) Die Kassenpr\u00fcfer kontrollieren die Finanzgesch\u00e4ftsf\u00fchrung des Vorstandes und die Verwendung<br \/>\nder Mittel im Sinne des Vereinszweckes.<br \/>\n(2) Kassenpr\u00fcfer haben das Recht, gemeinsam oder einzeln jederzeit Auskunft \u00fcber die finanzielle<br \/>\nGesch\u00e4ftsf\u00fchrung des Vorstandes zu verlangen und Einblick in die Gesch\u00e4ftsb\u00fccher zu nehmen.<br \/>\n(3) Kassenpr\u00fcfer werden f\u00fcr ein Jahr gew\u00e4hlt.<br \/>\n(4) Mitglieder des Vorstands sowie Mitglieder, die im letzten Jahr dem Vorstand angeh\u00f6rten, d\u00fcrfen<br \/>\nnicht als Kassenpr\u00fcfer gew\u00e4hlt werden.<\/div>\n<\/div>\n<\/div>\n<div class=\"panel panel-default\">\n<div class=\"panel-heading\">\n<h4 class=\"panel-title\"><a href=\"#collapse16\" data-toggle=\"collapse\" data-parent=\"#accordion\"><br \/>\n\u00a7 16 Aufl\u00f6sung des Vereins<\/a><\/h4>\n<\/div>\n<div id=\"collapse16\" class=\"panel-collapse collapse\">\n<div class=\"panel-body\">Bei Aufl\u00f6sung oder Aufhebung des Vereins f\u00e4llt das Verm\u00f6gen des Vereins an die Evangelische Kirche<br \/>\nvon Westfalen, die es ausschlie\u00dflich f\u00fcr Studierendenarbeit in der Evangelischen<br \/>\nStudierendengemeinde M\u00fcnster zu verwenden hat.<\/div>\n<\/div>\n<\/div>\n<\/div>\n<div><\/div>\n<div><\/div>\n<div><\/div>\n<div><a href=\"http:\/\/verein-volkeningheim.de\/wp-content\/uploads\/2019\/04\/Satzung-\u201eVerein-der-Freunde-des-O\u0308kumenischen-Volkeningheim_Stand-07.07.2018.pdf\">Satzung \u201eVerein der Freunde des O\u0308kumenischen Volkeningheim_Stand- 07.07.2018<\/a><\/div>\n","protected":false},"excerpt":{"rendered":"<p>In der Fassung vom 21. M\u00e4rz 2018, ge\u00e4ndert am 7. Juli 2018 \u00a7 1 Name und Sitz des Vereins, Gesch\u00e4ftsjahr (1) Der Verein f\u00fchrt den Namen \u201eVerein der Freundinnen und Freunde des \u00d6kumenischen Volkeningheims\u201c. Er soll in das Vereinsregister eingetragen werden und f\u00fchrt danach den Zusatz \u201ee.V.\u201c. (2) Der Verein hat seinen Sitz in M\u00fcnster. (3) Das Gesch\u00e4ftsjahr ist das Kalenderjahr. \u00a7 2 Zweck des Vereins (1) Der Verein setzt sich f\u00fcr die F\u00f6rderung und Entwicklung sowie das Bestehen des&#8230;<\/p>\n<p class=\"read-more\"><a class=\"btn btn-default\" href=\"https:\/\/verein-volkeningheim.de\/?page_id=24\">Weiterlesen<span class=\"screen-reader-text\"> Weiterlesen<\/span><\/a><\/p>\n","protected":false},"author":1,"featured_media":0,"parent":8,"menu_order":2,"comment_status":"closed","ping_status":"closed","template":"","meta":{"footnotes":""},"class_list":["post-24","page","type-page","status-publish","hentry"],"_links":{"self":[{"href":"https:\/\/verein-volkeningheim.de\/index.php?rest_route=\/wp\/v2\/pages\/24","targetHints":{"allow":["GET"]}}],"collection":[{"href":"https:\/\/verein-volkeningheim.de\/index.php?rest_route=\/wp\/v2\/pages"}],"about":[{"href":"https:\/\/verein-volkeningheim.de\/index.php?rest_route=\/wp\/v2\/types\/page"}],"author":[{"embeddable":true,"href":"https:\/\/verein-volkeningheim.de\/index.php?rest_route=\/wp\/v2\/users\/1"}],"replies":[{"embeddable":true,"href":"https:\/\/verein-volkeningheim.de\/index.php?rest_route=%2Fwp%2Fv2%2Fcomments&post=24"}],"version-history":[{"count":14,"href":"https:\/\/verein-volkeningheim.de\/index.php?rest_route=\/wp\/v2\/pages\/24\/revisions"}],"predecessor-version":[{"id":130,"href":"https:\/\/verein-volkeningheim.de\/index.php?rest_route=\/wp\/v2\/pages\/24\/revisions\/130"}],"up":[{"embeddable":true,"href":"https:\/\/verein-volkeningheim.de\/index.php?rest_route=\/wp\/v2\/pages\/8"}],"wp:attachment":[{"href":"https:\/\/verein-volkeningheim.de\/index.php?rest_route=%2Fwp%2Fv2%2Fmedia&parent=24"}],"curies":[{"name":"wp","href":"https:\/\/api.w.org\/{rel}","templated":true}]}}