{"id":236,"date":"2019-10-12T07:54:58","date_gmt":"2019-10-12T07:54:58","guid":{"rendered":"http:\/\/verein-volkeningheim.de\/?page_id=236"},"modified":"2020-06-02T15:43:21","modified_gmt":"2020-06-02T15:43:21","slug":"selbstverstaendnis","status":"publish","type":"page","link":"https:\/\/verein-volkeningheim.de\/?page_id=236","title":{"rendered":"Selbstverst\u00e4ndnis"},"content":{"rendered":"\n<p class=\"has-text-align-center\">Die Mitgliederversammlung vom 13. Juli 2019 hat folgendes Selbstverst\u00e4ndnis des Vereins verabschiedet:<\/p>\n\n\n\n<h2 class=\"wp-block-heading\"><\/h2>\n\n\n\n<p>Der Verein der Freundinnen und Freunde des \u00d6kumenischen Volkeningheims e.V.&nbsp;setzt sich f\u00fcr die F\u00f6rderung und Entwicklung sowie das Bestehen des \u00d6kumenischen Volkeningheims mit seinen Bewohnerinnen und Bewohnern ein. Die Mitglieder des Vereins sehen sich und den Verein in der Verantwortung, die bestehenden Beziehungen zwischen den Ehemaligen, den Bewohnerinnen und Bewohnern sowie Freundinnen und Freunden des \u00d6\u0308kumenischen Volkeningheims zu festigen.<\/p>\n\n\n\n<p>Um diesen&nbsp;<strong>Vereinszweck<\/strong> zu verfolgen steht der Verein, vertreten durch den Vorstand, in einem engen Kontakt zu den Bewohnerinnen und Bewohnern, unterst\u00fctzt diese in ihrer Arbeit und ihren Anliegen und gibt Impulse zur weiteren Entwicklung. Indem der Verein die unterschiedlichen Kompetenzen seiner Mitglieder b\u00fcndelt, kann er sich mit einer starken Stimme in die Belange des Volkeningheims einbringen. Bei allen T\u00e4tigkeiten verpflichtet sich der Verein einem sachlichen Diskurs.<\/p>\n\n\n\n<p>Die\u00a0<strong>Legitimation<\/strong> leitet der Verein einerseits aus seiner Unterst\u00fctzung der Bewohnerinnen und Bewohner f\u00fcr ihre Rechte und Bed\u00fcrfnisse ab und andererseits aus der Verbundenheit der ehemaligen Bewohnerinnen und Bewohner zum Haus. Die Ehemaligen, die im Verein Mitglieder sind, sehen sich aufgrund der Unterst\u00fctzung der Kirche w\u00e4hrend ihrer eigenen Studienzeit und der wahrgenommenen M\u00f6glichkeit, im Volkeningheim von Gemeinschaft, Austausch, Interreligi\u00f6sit\u00e4t und Internationlit\u00e4t profitiert zu haben, in der Verantwortung, diese Chance auch anderen zu erm\u00f6glichen. In der Wahrnehmung dieser Verantwortung vertritt der Verein die Ehemaligen und ermuntert diese, auch selbst Verantwortung wahrzunehmen.<\/p>\n\n\n\n<p>In dem laufenden&nbsp;<strong>Strukturierungsprozess<\/strong> im Volkeningheim mit dem Ziel, die landeskirchlichen Haushaltsmittel einzustellen, sieht sich der Verein in einer besonderen Verantwortung. Der Vereinszweck gibt als oberste Priorit\u00e4t des Vereins f\u00fcr diesen Prozess das weitere Bestehen des Volkeningheims vor. Jedes Handeln des Vereins ist dazu bestimmt, dieses Ziel zu erreichen. Grundlegend f\u00fcr den Charakter des Hauses ist dabei, g\u00fcnstigen Wohnraum bereitzustellen, um die Gemeinschaft des Volkeningheims weiterhin f\u00fcr Studierende verschiedener Herkunftsl\u00e4nder und mit unterschiedlichen finanziellen M\u00f6glichkeiten zug\u00e4nglich zu machen. Zwar ist der Verein in Kenntnis des Strukturierungsprozesses gegr\u00fcndet worden, nach dem Vereinsverst\u00e4ndnis sind das eigene Bestehen und der eigene Zweck aber davon unabh\u00e4ngig.&nbsp;<\/p>\n\n\n\n<p>Insbesondere im Strukturierungsprozess m\u00f6chte der Verein dem Kuratorium, dem Leitungsgremium des Volkeningheims, und dem Landeskirchenamt seine Unterst\u00fctzung anbieten. Hierf\u00fcr soll es gemeinsame Treffen zwischen dem Vorstand, dem Landeskirchenamt und dem Kuratorium geben, um zu eruieren, wie die unterschiedlichen Mitglieder mit ihren Kompetenzen des Vereins helfen k\u00f6nnen.<\/p>\n\n\n\n<p>Der&nbsp;<strong>Vorstand<\/strong>, gew\u00e4hlt und legitimiert von der Mitgliederversammlung des Vereins, steht in der vorrangigen Verantwortung, den Zweck und die Ziele des Vereins zu erf\u00fcllen. Auf diese Erf\u00fcllung arbeitet und handelt er hin. Hierzu bindet er die Mitglieder des Vereins gr\u00f6\u00dftm\u00f6glich ein, um die unterschiedlichen Kompetenzen der Vereinsmitglieder zu nutzen. F\u00fcr Partner au\u00dferhalb des Vereins \u2013 wie die Landeskirche, das Kuratorium oder die Leitung des Volkeningheims \u2013 und die Mitglieder des Vereins ist der\/die Vorsitzende Ansprechpartner\/in. Er\/Sie repr\u00e4sentiert den Verein nach innen und au\u00dfen. <strong>Mittelfristig<\/strong> avisiert der Verein, einen Vertreter in das Kuratorium des Volkeningheims entsenden zu k\u00f6nnen. Der Vorstand wird beauftragt, auf dieses Ziel in Abstimmung mit den studentischen Vertreterinnen und Vertretern im Kuratorium hinzuwirken.<\/p>\n\n\n\n<p><strong>Zum Download:<\/strong><\/p>\n\n\n\n<div class=\"wp-block-file\"><a href=\"https:\/\/verein-volkeningheim.de\/wp-content\/uploads\/2019\/10\/190310-Antrag-Der-Verein-der-Freundinnen-und-Freunde-d.-\u00d6kumenischen-Volkeningheims-zwischen-Volkeningheim-und-Evangelischer-Kirche-von-Westfalen-\u2013-ein-Selbstverst\u00e4ndnis-Beschlussfassung.pdf\">Selbstverst\u00e4ndnis in der Fassung vom 13.07.2019<\/a><a href=\"https:\/\/verein-volkeningheim.de\/wp-content\/uploads\/2019\/10\/190310-Antrag-Der-Verein-der-Freundinnen-und-Freunde-d.-\u00d6kumenischen-Volkeningheims-zwischen-Volkeningheim-und-Evangelischer-Kirche-von-Westfalen-\u2013-ein-Selbstverst\u00e4ndnis-Beschlussfassung.pdf\" class=\"wp-block-file__button\" download>Herunterladen<\/a><\/div>\n","protected":false},"excerpt":{"rendered":"<p>Die Mitgliederversammlung vom 13. Juli 2019 hat folgendes Selbstverst\u00e4ndnis des Vereins verabschiedet: Der Verein der Freundinnen und Freunde des \u00d6kumenischen Volkeningheims e.V.&nbsp;setzt sich f\u00fcr die F\u00f6rderung und Entwicklung sowie das Bestehen des \u00d6kumenischen Volkeningheims mit seinen Bewohnerinnen und Bewohnern ein. Die Mitglieder des Vereins sehen sich und den Verein in der Verantwortung, die bestehenden Beziehungen zwischen den Ehemaligen, den Bewohnerinnen und Bewohnern sowie Freundinnen und Freunden des \u00d6\u0308kumenischen Volkeningheims zu festigen. Um diesen&nbsp;Vereinszweck zu verfolgen steht der Verein, vertreten durch&#8230;<\/p>\n<p class=\"read-more\"><a class=\"btn btn-default\" href=\"https:\/\/verein-volkeningheim.de\/?page_id=236\">Weiterlesen<span class=\"screen-reader-text\"> Weiterlesen<\/span><\/a><\/p>\n","protected":false},"author":1,"featured_media":0,"parent":8,"menu_order":4,"comment_status":"closed","ping_status":"closed","template":"","meta":{"footnotes":""},"class_list":["post-236","page","type-page","status-publish","hentry"],"_links":{"self":[{"href":"https:\/\/verein-volkeningheim.de\/index.php?rest_route=\/wp\/v2\/pages\/236","targetHints":{"allow":["GET"]}}],"collection":[{"href":"https:\/\/verein-volkeningheim.de\/index.php?rest_route=\/wp\/v2\/pages"}],"about":[{"href":"https:\/\/verein-volkeningheim.de\/index.php?rest_route=\/wp\/v2\/types\/page"}],"author":[{"embeddable":true,"href":"https:\/\/verein-volkeningheim.de\/index.php?rest_route=\/wp\/v2\/users\/1"}],"replies":[{"embeddable":true,"href":"https:\/\/verein-volkeningheim.de\/index.php?rest_route=%2Fwp%2Fv2%2Fcomments&post=236"}],"version-history":[{"count":7,"href":"https:\/\/verein-volkeningheim.de\/index.php?rest_route=\/wp\/v2\/pages\/236\/revisions"}],"predecessor-version":[{"id":265,"href":"https:\/\/verein-volkeningheim.de\/index.php?rest_route=\/wp\/v2\/pages\/236\/revisions\/265"}],"up":[{"embeddable":true,"href":"https:\/\/verein-volkeningheim.de\/index.php?rest_route=\/wp\/v2\/pages\/8"}],"wp:attachment":[{"href":"https:\/\/verein-volkeningheim.de\/index.php?rest_route=%2Fwp%2Fv2%2Fmedia&parent=236"}],"curies":[{"name":"wp","href":"https:\/\/api.w.org\/{rel}","templated":true}]}}