{"id":18,"date":"2018-12-11T20:26:30","date_gmt":"2018-12-11T20:26:30","guid":{"rendered":"http:\/\/verein-volkeningheim.de\/?page_id=18"},"modified":"2023-05-12T10:27:36","modified_gmt":"2023-05-12T10:27:36","slug":"datenschutzerklaerung","status":"publish","type":"page","link":"https:\/\/verein-volkeningheim.de\/?page_id=18","title":{"rendered":"Datenschutzerkl\u00e4rung"},"content":{"rendered":"\n<p>Zu dieser Datenschutzerkl\u00e4rung<\/p>\n\n\n\n<p>Der Schutz Ihrer Privatsph\u00e4re ist uns ein wichtiges Anliegen. Deshalb m\u00f6chten wir Sie eindringlich bitten, die nachfolgende Zusammenfassung \u00fcber die Funktionsweise unserer Webseite verein-volkeningheim.de aufmerksam zu lesen.<\/p>\n\n\n\n<p>Die hier aufgef\u00fchrte Datenschutzerkl\u00e4rung entspricht den Richtlinien der DS-GVO und des BDSG. Sie soll \u00fcber die Art, den Zweck und die Verwendung personenbezogener Daten durch den Websitebetreiber Verein der Freundinnen und Freunde des \u00d6kumenischen Volkeningheims informieren.<\/p>\n\n\n\n<p>Gleichwohl unsere Seite mit verschiedenen Sicherheitsvorkehrungen ausgestattet ist, kann kein vollst\u00e4ndiger Schutz Ihrer Daten gew\u00e4hrleistet werden, da Sicherheitsl\u00fccken im Internet nicht ausgeschlossen werden k\u00f6nnen. Sollten Sie Anliegen bzgl. Ihrer Daten haben, findenSie am Ende des Textes unsere Kontaktdaten.<\/p>\n\n\n\n<p>Personenbezogene Daten<\/p>\n\n\n\n<p>a) Beim Besuch der Website<\/p>\n\n\n\n<p>Sie k\u00f6nnen unsere Website grunds\u00e4tzlich ohne Offenlegung Ihrer Identit\u00e4t nutzen. Beim Aufrufen unserer Website werden durch den auf Ihrem Endger\u00e4t zum Einsatz kommenden Browser automatisch Informationenan den Server unserer Website gesendet. Diese Informationen werden tempor\u00e4r ineinem sog. Logfile gespeichert. Folgende Informationen werden dabei ohne Ihr Zutun erfasst und bis zur automatisierten L\u00f6schung gespeichert:<\/p>\n\n\n\n<ul class=\"wp-block-list\">\n<li>IP-Adresse\ndes anfragenden Rechners,<\/li>\n\n\n\n<li>Datum und\nUhrzeit des Zugriffs,<\/li>\n\n\n\n<li>Name und\nURL der abgerufenen Datei,<\/li>\n\n\n\n<li>Website,\nvon der aus der Zugriff erfolgt (Referrer-URL),<\/li>\n\n\n\n<li>verwendeter\nBrowser und ggf. das Betriebssystem Ihres Rechners sowie der Name Ihres\nAccess-Providers.<\/li>\n<\/ul>\n\n\n\n<p>Die genannten Daten werden durch uns zu folgenden\nZwecken verarbeitet:<\/p>\n\n\n\n<ul class=\"wp-block-list\">\n<li>Gew\u00e4hrleistung eines reibungslosen Verbindungsaufbaus der Website<\/li>\n\n\n\n<li>Gew\u00e4hrleistung einer komfortablen Nutzung unserer Website<\/li>\n\n\n\n<li>Auswertung der Systemsicherheit und -stabilit\u00e4t sowie<\/li>\n\n\n\n<li>zu weiteren administrativen Zwecken.<\/li>\n<\/ul>\n\n\n\n<p>Die Rechtsgrundlage f\u00fcr die Datenverarbeitung ist Art.6 Abs. 1 S. 1 lit. f DSGVO. Unser berechtigtes Interesse folgt aus oben aufgelisteten Zwecken zur Datenerhebung. In keinem Fall verwenden wir die erhobenen Daten zu dem Zweck, R\u00fcckschl\u00fcsse auf Ihre Person zu ziehen. Dar\u00fcber hinaus setzen wir beim Besuch meiner Website Cookies sowie Analysedienste ein. N\u00e4here Erl\u00e4uterungen dazu erhalten Sie unter dem Punkt &#8222;Cookies&#8220; dieser Datenschutzerkl\u00e4rung.<\/p>\n\n\n\n<p>b) Bei Nutzung unseres Kontaktformulars <\/p>\n\n\n\n<p>Bei Fragen jeglicher Art bieten wir Ihnen die M\u00f6glichkeit, mit uns \u00fcber ein auf unserer Webseite bereitgestelltes Formular Kontakt aufzunehmen. Dabei ist die Angabe eines Namens und einer g\u00fcltigen E-Mail-Adresse erforderlich, damit wir wissen, von wem die Anfrage stammt und um diese beantworten zu k\u00f6nnen. Weitere Angaben k\u00f6nnen freiwillig get\u00e4tigt werden. Es unterliegt Ihrer freien Entscheidung, ob Sie diese Daten im Rahmen des Kontaktformulars eingeben m\u00f6chten.<br>Die Datenverarbeitung zum Zwecke der Kontaktaufnahme mit uns erfolgt nach Art.6 Abs. 1 S. 1 lit. a DSGVO auf Grundlage Ihrer freiwillig erteilten Einwilligung. <\/p>\n\n\n\n<p>c) Bei Beantragung einer Mitgliedschaft<\/p>\n\n\n\n<p>Wenn Sie Mitglied bei uns werden, erheben, speichern und verarbeiten wir Ihren Namen, Anschrift, E-Mailadresse, Geburtstag,Kontodaten und die Anschrift und Kontodaten f\u00fcr Zwecke der Durchf\u00fchrung der Mitgliedschaft. Falls Sie aus dem Verein der Freundinnen und Freunde des \u00d6kumenischen Volkeningheims austreten, werden alle erhobenen und verarbeiteten Daten gel\u00f6scht. Zur Erf\u00fcllung seiner Zwecke ben\u00f6tigt der Verein der Freundinnen und Freunde des \u00d6kumenischen Volkeningheims die personenbezogenen Daten seiner Mitglieder. Die Verarbeitung der personenbezogenen Daten seiner Mitglieder erfolgt unter Beachtung der Regelungen der EU-Datenschutzgrundverordnung sowie des Bundesdatenschutzgesetzes.<\/p>\n\n\n\n<p>Newsletter<\/p>\n\n\n\n<p>1. Beschreibung und Umfang der Datenverarbeitung<\/p>\n\n\n\n<p>Auf unserer Internetseite besteht die M\u00f6glichkeiteinen kostenfreien Newsletter zu abonnieren. Dabei werden bei der Anmeldung zum Newsletter die E-Mail-Adresse aus der Eingabemaske an uns \u00fcbermittelt.<\/p>\n\n\n\n<p>Zudem werden folgende Daten bei der Anmeldung erhoben:<\/p>\n\n\n\n<ul class=\"wp-block-list\">\n<li>&nbsp;&#8211;\nIP-Adresse des aufrufenden Rechners<\/li>\n\n\n\n<li>&nbsp;&#8211;\nDatum und Uhrzeit der Registrierung<\/li>\n<\/ul>\n\n\n\n<p>F\u00fcr die Verarbeitung der Daten wird im Rahmen des\nAnmeldevorgangs Ihre Einwilligung eingeholt und auf diese Datenschutzerkl\u00e4rung\nverwiesen.<\/p>\n\n\n\n<p>Es erfolgt im Zusammenhang mit der Datenverarbeitung f\u00fcr den Versand von Newslettern keine Weitergabe der Daten an Dritte. Die Datenwerden ausschlie\u00dflich f\u00fcr den Versand des Newsletters verwendet.<\/p>\n\n\n\n<p>2. Rechtsgrundlage f\u00fcr die Datenverarbeitung<\/p>\n\n\n\n<p>Rechtsgrundlage f\u00fcr die Verarbeitung der Daten nachAnmeldung zum Newsletters durch den Nutzer ist bei Vorliegen einer Einwilligung des Nutzers Art.&nbsp;6 Abs.&nbsp;1 lit.&nbsp;a DSGVO.<\/p>\n\n\n\n<p>3. Zweck der Datenverarbeitung<\/p>\n\n\n\n<p>Die Erhebung der E-Mail-Adresse des Nutzers dient dazu, den Newsletter zuzustellen.<\/p>\n\n\n\n<p>4. Dauer der Speicherung<\/p>\n\n\n\n<p>Die Daten werden gel\u00f6scht, sobald sie f\u00fcr die\nErreichung des Zweckes ihrer Erhebung nicht mehr erforderlich sind. Die\nE-Mail-Adresse des Nutzers wird demnach solange gespeichert, wie das Abonnement\ndes Newsletters aktiv ist.<\/p>\n\n\n\n<p>5. Widerspruchs- und Beseitigungsm\u00f6glichkeit<\/p>\n\n\n\n<p>Das Abonnement des Newsletters kann durch den betroffenen Nutzer jederzeit gek\u00fcndigt werden. Zu diesem Zweck k\u00f6nnen Sie jederzeit eine formlose E-Mail an <a href=\"mailto:vereinvolkeningheim@gmail.com\">vereinvolkeningheim[at]gmail.com<\/a> senden. <\/p>\n\n\n\n<p>Cookies<\/p>\n\n\n\n<p>Wie die meisten anderen Seiten auch, verwendet diese Webseite Cookies. Dies sind kleine Textdateien, welche in Ihrem Browserverlaufplatziert werden und durch welche bei Ihrem n\u00e4chsten Besuch bereits get\u00e4tigte Einstellungen und andere \u00c4nderungen, welche Sie vorgenommen haben, rekonstruiert werden. Durch Cookies k\u00f6nnen wir unseren Dienst personalisieren und benutzerfreundlicher gestalten.&nbsp;<br><br>Sie haben die M\u00f6glichkeit, das Setzen von Cookies zu blockieren und bereitsgesetzte Cookies zu l\u00f6schen. Das k\u00f6nnen Sie in den Einstellungen Ihres Browsers vornehmen. \u00dcber die genaue Vorgehensweise informieren Sie sich bitte in der Dokumentation ihres Browserherstellers. Falls Sie Cookies deaktivieren oder l\u00f6schen, m\u00fcssen wir Sie darauf hinweisen, dass bestimmte Features auf der Seite nicht mehr oder nur noch eingeschr\u00e4nkt funktionieren.<\/p>\n\n\n\n<p>Google Web Fonts<\/p>\n\n\n\n<p>Diese Seite nutzt zur einheitlichen Darstellung von Schriftarten so genannte Web Fonts des Anbieters Google LLC, 1600 Amphitheatre Parkway, Mountain View, CA 94043, USA. Beim Aufruf einer Seite l\u00e4dt Ihr Browser die ben\u00f6tigten Web Fonts in ihren Browsercache, um Texte und Schriftarten korrekt anzuzeigen. Wenn Ihr Browser Web Fonts nicht unterst\u00fctzt, wird eine Standardschrift von Ihrem Computer genutzt.<br>Um den Dienst zu nutzen, werden Ihre IP-Adresse und der gew\u00fcnschten Font an Google \u00fcbermittelt. \u00dcber die Verwendung Ihrer IP-Adresse aus Anfragen nach Fonts durch Google lesen Sie bitte die&nbsp;<a rel=\"noreferrer noopener\" href=\"http:\/\/www.google.de\/intl\/de\/policies\/privacy\/\" target=\"_blank\">Datenschutzerkl\u00e4rung von Google<\/a>.<\/p>\n\n\n\n<p>Google reCAPTCHA<\/p>\n\n\n\n<p>Wir nutzen \u201cGoogle reCAPTCHA\u201d (im Folgenden\u201creCAPTCHA\u201d) auf unseren Websites. Anbieter ist die Google Inc., 1600Amphitheatre Parkway, Mountain View, CA 94043, USA (\u201cGoogle\u201d).&nbsp;<br>Mit reCAPTCHA soll \u00fcberpr\u00fcft werden, ob die Dateneingabe auf unseren Websites(z.B. in einem Kontaktformular) durch einen Menschen oder durch ein automatisiertes Programm erfolgt. Hierzu analysiert reCAPTCHA das Verhalten des Websitebesuchers anhand verschiedener Merkmale. Diese Analyse beginnt automatisch, sobald der Websitebesucher die Website betritt. Zur Analyse wertet reCAPTCHA verschiedene Informationen aus (z.B. IP-Adresse, Verweildauer desWebsitebesuchers auf der Website oder vom Nutzer get\u00e4tigte Mausbewegungen). Die bei der Analyse erfassten Daten werden an Google weitergeleitet.&nbsp;<br>Die reCAPTCHA-Analysen laufen vollst\u00e4ndig im Hintergrund. Websitebesucher werden nicht darauf hingewiesen, dass eine Analyse stattfindet.&nbsp;<br>Die Datenverarbeitung erfolgt auf Grundlage von Art. 6 Abs. 1 lit. f DSGVO. Der Websitebetreiber hat ein berechtigtes Interesse daran, seine Webangebote vor missbr\u00e4uchlicher automatisierter Aussp\u00e4hung und vor SPAM zu sch\u00fctzen.&nbsp;<br>Weitere Informationen zu Google reCAPTCHA sowie die Datenschutzerkl\u00e4rung von Google entnehmen Sie folgenden Links:<\/p>\n\n\n\n<p>https:\/\/www.google.com\/intl\/de\/policies\/privacy\/ und<\/p>\n\n\n\n<p>https:\/\/www.google.com\/recaptcha\/intro\/android.html.<\/p>\n\n\n\n<p>Ihre Rechte<\/p>\n\n\n\n<p>Selbstverst\u00e4ndlich haben Sie in Bezug auf die Erhebung Ihrer Daten Rechte. Laut geltendem Gesetz sind wir dazu verpflichtet, Sie \u00fcber diese Rechte aufzukl\u00e4ren:<\/p>\n\n\n\n<p>Widerrufsrecht<\/p>\n\n\n\n<p>Sie haben das Recht, Ihre Einwilligung bzgl. der Erhebung von Daten jederzeit zu widerrufen. Dieses Recht gilt mit Wirkung f\u00fcr die Zukunft; die bis zur Rechtkraft des Widerrufs erhobenen Daten bleiben hiervon unber\u00fchrt.<\/p>\n\n\n\n<p>Auskunftsrecht<\/p>\n\n\n\n<p>Sie haben das Recht, von uns eine Best\u00e4tigung zuverlangen, ob und wie wir personenbezogene Daten von Ihnen beziehen. Dieses Recht ist durch die vorliegende Datenschutzerkl\u00e4rung realisiert. Zus\u00e4tzlich k\u00f6nnen Sie eine elektronische Auskunft anfordern.<\/p>\n\n\n\n<p>Recht auf Berichtigung, L\u00f6schung oder Sperrung<\/p>\n\n\n\n<p>Sie haben das Recht, Ihre Daten berichtigen, l\u00f6schen oder sperren zu lassen. Letzteres kommt zur Anwendung, wenn die gesetzliche Lage eine L\u00f6schung nicht zul\u00e4sst.<\/p>\n\n\n\n<p>Beschwerderecht<\/p>\n\n\n\n<p>Sie haben das Recht, sich bei einer Aufsichtsbeh\u00f6rde bzw. einer zust\u00e4ndigen Stelle zu beschweren, insofern Sie einen Grund zur Beanstandung haben sollten.<br>F\u00fcr die Inanspruchnahme dieses Rechts und der zwei vorher genannten wenden Sie sich bitte an die am Ende dieser Datenschutzerkl\u00e4rung aufgef\u00fchrten Kontaktperson.<\/p>\n\n\n\n<p>Verantwortlich f\u00fcr die Datenerhebung<\/p>\n\n\n\n<p>F\u00fcr Fragen, Auskunftsersuche, Antr\u00e4ge, Beschwerden oder Kritik hinsichtlich unseres Datenschutzes wenden Sie sich bitte direkt an uns:<br><br><\/p>\n\n\n\n<p>Verein der Freundinnen und Freunde des \u00d6kumenischen Volkeningheims<br> Verantwortlich: Verein der Freundinnen und Freunde des \u00d6kumenischen Volkeningheims, Vorsitzender: Sebastian Kunzmann<br> Breul 43<br> 48143 M\u00fcnster<br> E-Mail: vereinvolkeningheim[at]gmail.com<\/p>\n\n\n\n<p>\u00c4nderung der Datenschutzerkl\u00e4rung<\/p>\n\n\n\n<p>Wir als Verantwortliche behalten es uns vor, die Datenschutzerkl\u00e4rung jederzeit im Hinblick auf geltende Datenschutzvorschriften zu ver\u00e4ndern.\u00a0<br>Derzeitiger Stand ist November 2018.<\/p>\n\n\n\n<p><\/p>\n\n\n\n<p>Zusatz von Open Petition:<\/p>\n\n\n\n<p>Diese Website nutzt das Petitionsformular der openPetition gemeinn\u00fctzige GmbH, Am Friedrichshain 34, 10407 Berlin. Die openPetition gemeinn\u00fctzige GmbH stellt die technische Plattform f\u00fcr die Sammlung von Petitionsunterschriften zur Verf\u00fcgung. Die von Ihnen bei der Petition eingegebenen Daten (z.B. Name, Adresse, Kommentar) werden von openPetition zur Gew\u00e4hrleistung der Petition auf Servern in Deutschland gespeichert und verarbeitet. Bei jedem Seitenaufruf der Petitionsseite werden Browser-Informationen (z.B. Browser-Typ, Betriebssystem, IP-Adresse, Uhrzeit und der Referrer) gespeichert. Die Logfiles werden statistisch ausgewertet und helfen, den fehlerfreien Betrieb der Seiten sicherzustellen. Es gelten die Datenschutzbestimmungen von openPetition.<\/p>\n\n\n\n<hr class=\"wp-block-separator has-css-opacity\"\/>\n\n\n\n<p><\/p>\n","protected":false},"excerpt":{"rendered":"<p>Zu dieser Datenschutzerkl\u00e4rung Der Schutz Ihrer Privatsph\u00e4re ist uns ein wichtiges Anliegen. Deshalb m\u00f6chten wir Sie eindringlich bitten, die nachfolgende Zusammenfassung \u00fcber die Funktionsweise unserer Webseite verein-volkeningheim.de aufmerksam zu lesen. Die hier aufgef\u00fchrte Datenschutzerkl\u00e4rung entspricht den Richtlinien der DS-GVO und des BDSG. Sie soll \u00fcber die Art, den Zweck und die Verwendung personenbezogener Daten durch den Websitebetreiber Verein der Freundinnen und Freunde des \u00d6kumenischen Volkeningheims informieren. Gleichwohl unsere Seite mit verschiedenen Sicherheitsvorkehrungen ausgestattet ist, kann kein vollst\u00e4ndiger Schutz Ihrer Daten&#8230;<\/p>\n<p class=\"read-more\"><a class=\"btn btn-default\" href=\"https:\/\/verein-volkeningheim.de\/?page_id=18\">Weiterlesen<span class=\"screen-reader-text\"> Weiterlesen<\/span><\/a><\/p>\n","protected":false},"author":1,"featured_media":0,"parent":0,"menu_order":0,"comment_status":"closed","ping_status":"closed","template":"","meta":{"footnotes":""},"class_list":["post-18","page","type-page","status-publish","hentry"],"_links":{"self":[{"href":"https:\/\/verein-volkeningheim.de\/index.php?rest_route=\/wp\/v2\/pages\/18","targetHints":{"allow":["GET"]}}],"collection":[{"href":"https:\/\/verein-volkeningheim.de\/index.php?rest_route=\/wp\/v2\/pages"}],"about":[{"href":"https:\/\/verein-volkeningheim.de\/index.php?rest_route=\/wp\/v2\/types\/page"}],"author":[{"embeddable":true,"href":"https:\/\/verein-volkeningheim.de\/index.php?rest_route=\/wp\/v2\/users\/1"}],"replies":[{"embeddable":true,"href":"https:\/\/verein-volkeningheim.de\/index.php?rest_route=%2Fwp%2Fv2%2Fcomments&post=18"}],"version-history":[{"count":4,"href":"https:\/\/verein-volkeningheim.de\/index.php?rest_route=\/wp\/v2\/pages\/18\/revisions"}],"predecessor-version":[{"id":381,"href":"https:\/\/verein-volkeningheim.de\/index.php?rest_route=\/wp\/v2\/pages\/18\/revisions\/381"}],"wp:attachment":[{"href":"https:\/\/verein-volkeningheim.de\/index.php?rest_route=%2Fwp%2Fv2%2Fmedia&parent=18"}],"curies":[{"name":"wp","href":"https:\/\/api.w.org\/{rel}","templated":true}]}}