{"id":10,"date":"2018-12-11T20:13:31","date_gmt":"2018-12-11T20:13:31","guid":{"rendered":"http:\/\/verein-volkeningheim.de\/?page_id=10"},"modified":"2019-04-04T15:05:56","modified_gmt":"2019-04-04T15:05:56","slug":"vereinsidee","status":"publish","type":"page","link":"https:\/\/verein-volkeningheim.de\/?page_id=10","title":{"rendered":"Vereinsidee"},"content":{"rendered":"\n<p style=\"text-align:left\">Die zuk\u00fcnftige Finanzierung des \u00d6kumenischen Volkeningheims ist momentan nicht gesichert.<\/p>\n\n\n\n<p> Der \u201eVerein der Freundinnen und Freunde des \u00d6kumenischen Volkeningheims e.V.\u201c sieht dieses Wohnheim jedoch als wertvoll und bewahrenswert an. Seit der Gr\u00fcndung am 21. M\u00e4rz 2018 macht er es sich daher zur Aufgabe, das Bestehen des Volkeningheims mit seinen Bewohnerinnen und Bewohnern zu f\u00f6rdern und zu dessen Entwicklung beizutragen. Ein weiteres Ziel ist die St\u00e4rkung der Beziehungen zwischen Bewohnerinnen und Bewohnern, Ehemaligen und Freundinnen und Freunden des Hauses.<\/p>\n\n\n\n<p class=\"has-huge-font-size\"><\/p>\n\n\n\n<p class=\"has-huge-font-size\"><\/p>\n\n\n\n<p class=\"has-huge-font-size\"><\/p>\n\n\n\n<p class=\"has-huge-font-size\"><\/p>\n\n\n\n<p class=\"has-huge-font-size\"><\/p>\n\n\n\n<p class=\"has-huge-font-size\"><\/p>\n\n\n\n<p class=\"has-huge-font-size\"><\/p>\n\n\n\n<p class=\"has-huge-font-size\"><\/p>\n\n\n\n<p class=\"has-huge-font-size\"><div><br><\/div><\/p>\n","protected":false},"excerpt":{"rendered":"<p>Die zuk\u00fcnftige Finanzierung des \u00d6kumenischen Volkeningheims ist momentan nicht gesichert. Der \u201eVerein der Freundinnen und Freunde des \u00d6kumenischen Volkeningheims e.V.\u201c sieht dieses Wohnheim jedoch als wertvoll und bewahrenswert an. Seit der Gr\u00fcndung am 21. M\u00e4rz 2018 macht er es sich daher zur Aufgabe, das Bestehen des Volkeningheims mit seinen Bewohnerinnen und Bewohnern zu f\u00f6rdern und zu dessen Entwicklung beizutragen. Ein weiteres Ziel ist die St\u00e4rkung der Beziehungen zwischen Bewohnerinnen und Bewohnern, Ehemaligen und Freundinnen und Freunden des Hauses.<\/p>\n","protected":false},"author":1,"featured_media":0,"parent":8,"menu_order":0,"comment_status":"closed","ping_status":"closed","template":"","meta":{"footnotes":""},"class_list":["post-10","page","type-page","status-publish","hentry"],"_links":{"self":[{"href":"https:\/\/verein-volkeningheim.de\/index.php?rest_route=\/wp\/v2\/pages\/10","targetHints":{"allow":["GET"]}}],"collection":[{"href":"https:\/\/verein-volkeningheim.de\/index.php?rest_route=\/wp\/v2\/pages"}],"about":[{"href":"https:\/\/verein-volkeningheim.de\/index.php?rest_route=\/wp\/v2\/types\/page"}],"author":[{"embeddable":true,"href":"https:\/\/verein-volkeningheim.de\/index.php?rest_route=\/wp\/v2\/users\/1"}],"replies":[{"embeddable":true,"href":"https:\/\/verein-volkeningheim.de\/index.php?rest_route=%2Fwp%2Fv2%2Fcomments&post=10"}],"version-history":[{"count":9,"href":"https:\/\/verein-volkeningheim.de\/index.php?rest_route=\/wp\/v2\/pages\/10\/revisions"}],"predecessor-version":[{"id":162,"href":"https:\/\/verein-volkeningheim.de\/index.php?rest_route=\/wp\/v2\/pages\/10\/revisions\/162"}],"up":[{"embeddable":true,"href":"https:\/\/verein-volkeningheim.de\/index.php?rest_route=\/wp\/v2\/pages\/8"}],"wp:attachment":[{"href":"https:\/\/verein-volkeningheim.de\/index.php?rest_route=%2Fwp%2Fv2%2Fmedia&parent=10"}],"curies":[{"name":"wp","href":"https:\/\/api.w.org\/{rel}","templated":true}]}}